{"id":4901,"date":"2020-03-03T09:05:36","date_gmt":"2020-03-03T09:05:36","guid":{"rendered":"https:\/\/www.envirosoil.es\/?page_id=4901"},"modified":"2023-08-29T16:49:05","modified_gmt":"2023-08-29T16:49:05","slug":"contacto","status":"publish","type":"page","link":"https:\/\/www.envirosoil.es\/gl\/contacto\/","title":{"rendered":"Contacto"},"content":{"rendered":"<p>[et_pb_section fb_built=&#8221;1&#8243; admin_label=&#8221;section&#8221; _builder_version=&#8221;4.16&#8243; background_color_phone=&#8221;#000000&#8243; background_enable_color_phone=&#8221;on&#8221; background_enable_image_phone=&#8221;off&#8221; global_colors_info=&#8221;{}&#8221; background_enable_color=&#8221;off&#8221; background_last_edited=&#8221;on|phone&#8221; background_image=&#8221;https:\/\/www.envirosoil.es\/wp-content\/uploads\/2020\/02\/contacto-dark.jpg&#8221; parallax=&#8221;on&#8221; parallax_method=&#8221;off&#8221; animation_style=&#8221;fade&#8221;][et_pb_row _builder_version=&#8221;4.16&#8243; background_size=&#8221;initial&#8221; background_position=&#8221;top_left&#8221; background_repeat=&#8221;repeat&#8221; width=&#8221;91%&#8221; custom_width_px=&#8221;710px&#8221; locked=&#8221;off&#8221; global_colors_info=&#8221;{}&#8221;][et_pb_column type=&#8221;4_4&#8243; _builder_version=&#8221;4.16&#8243; background_position=&#8221;top_left&#8221; custom_padding=&#8221;|||&#8221; global_colors_info=&#8221;{}&#8221; custom_padding__hover=&#8221;|||&#8221;][et_pb_text admin_label=&#8221;Request Section Title&#8221; _builder_version=&#8221;4.16&#8243; header_3_text_align=&#8221;center&#8221; header_3_text_color=&#8221;#ffffff&#8221; header_3_font_size=&#8221;27px&#8221; header_3_line_height=&#8221;1.3em&#8221; header_3_font_size_tablet=&#8221;&#8221; header_3_font_size_phone=&#8221;22px&#8221; header_3_font_size_last_edited=&#8221;on|phone&#8221; global_colors_info=&#8221;{}&#8221; animation_style=&#8221;fade&#8221; animation_delay=&#8221;1000ms&#8221;]<\/p>\n<h3>C\u00f3ntanos, polo medio que elixas, en que podemos axudarche, por\u00e9monos mans \u00e1 obra para estudar o teu caso e ver se podemos proporcionarche a mellor soluci\u00f3n.<\/h3>\n<p>[\/et_pb_text][\/et_pb_column][\/et_pb_row][et_pb_row column_structure=&#8221;1_3,2_3&#8243; use_custom_gutter=&#8221;on&#8221; gutter_width=&#8221;2&#8243; make_equal=&#8221;on&#8221; custom_padding_last_edited=&#8221;on|phone&#8221; _builder_version=&#8221;4.16&#8243; background_size=&#8221;initial&#8221; background_position=&#8221;top_left&#8221; background_repeat=&#8221;repeat&#8221; custom_padding=&#8221;|||&#8221; custom_padding_tablet=&#8221;&#8221; custom_padding_phone=&#8221;0px||0px||false|false&#8221; locked=&#8221;off&#8221; global_colors_info=&#8221;{}&#8221;][et_pb_column type=&#8221;1_3&#8243; _builder_version=&#8221;4.16&#8243; background_enable_color=&#8221;off&#8221; background_position=&#8221;top_left&#8221; custom_padding=&#8221;50px|40px|50px|40px&#8221; global_colors_info=&#8221;{}&#8221; custom_padding__hover=&#8221;|||&#8221;][et_pb_text admin_label=&#8221;Contact US Title&#8221; _builder_version=&#8221;4.16&#8243; text_text_color=&#8221;#ffffff&#8221; text_font_size=&#8221;27px&#8221; text_line_height=&#8221;1.3em&#8221; header_3_text_align=&#8221;center&#8221; header_3_text_color=&#8221;#ffffff&#8221; header_3_font_size=&#8221;27px&#8221; header_3_line_height=&#8221;1.2em&#8221; text_orientation=&#8221;center&#8221; header_3_font_size_tablet=&#8221;&#8221; header_3_font_size_phone=&#8221;22px&#8221; header_3_font_size_last_edited=&#8221;on|phone&#8221; global_colors_info=&#8221;{}&#8221; animation_style=&#8221;slide&#8221; animation_direction=&#8221;left&#8221; animation_delay=&#8221;900ms&#8221;]<\/p>\n<h3>Podemos axudarche?<\/h3>\n<p>[\/et_pb_text][et_pb_text admin_label=&#8221;Contact US Text&#8221; _builder_version=&#8221;4.16&#8243; text_text_color=&#8221;#ffffff&#8221; text_line_height=&#8221;1.8em&#8221; header_font=&#8221;||||&#8221; header_text_color=&#8221;#1f1f1f&#8221; custom_margin=&#8221;20px||40px|&#8221; custom_padding=&#8221;0px|0px|0px|0px&#8221; animation_style=&#8221;slide&#8221; animation_direction=&#8221;bottom&#8221; global_colors_info=&#8221;{}&#8221; animation_delay=&#8221;1100ms&#8221;]Te contestaremos en 48 horas laborables.[\/et_pb_text][et_pb_blurb use_icon=&#8221;on&#8221; font_icon=&#8221;&#xe081;||divi||400&#8243; icon_placement=&#8221;left&#8221; image_icon_width=&#8221;28px&#8221; admin_label=&#8221;Address&#8221; _builder_version=&#8221;4.16&#8243; body_text_color=&#8221;#ffffff&#8221; custom_margin=&#8221;|||&#8221; animation_style=&#8221;slide&#8221; animation_direction=&#8221;left&#8221; icon_font_size=&#8221;28px&#8221; icon_font_size_last_edited=&#8221;off|desktop&#8221; global_colors_info=&#8221;{}&#8221; animation_delay=&#8221;1300ms&#8221;]Pr\u00edncipe de Vergara 210, Esc. A, 1\u00baD<br \/>\n28002 Madrid<br \/>\nEspa\u00f1a[\/et_pb_blurb][et_pb_blurb use_icon=&#8221;on&#8221; font_icon=&#8221;&#xe00b;||divi||400&#8243; icon_placement=&#8221;left&#8221; image_icon_width=&#8221;28px&#8221; _builder_version=&#8221;4.16&#8243; body_text_color=&#8221;#ffffff&#8221; custom_margin=&#8221;|||&#8221; animation_style=&#8221;slide&#8221; animation_direction=&#8221;left&#8221; icon_font_size=&#8221;28px&#8221; icon_font_size_last_edited=&#8221;off|desktop&#8221; global_colors_info=&#8221;{}&#8221; animation_delay=&#8221;1500ms&#8221;]+34 915 618 400[\/et_pb_blurb][et_pb_blurb use_icon=&#8221;on&#8221; font_icon=&#8221;&#xe076;||divi||400&#8243; icon_placement=&#8221;left&#8221; image_icon_width=&#8221;28px&#8221; admin_label=&#8221;Email&#8221; _builder_version=&#8221;4.16&#8243; body_text_color=&#8221;#ffffff&#8221; custom_margin=&#8221;|||&#8221; animation_style=&#8221;slide&#8221; animation_direction=&#8221;left&#8221; icon_font_size=&#8221;28px&#8221; icon_font_size_last_edited=&#8221;off|desktop&#8221; global_colors_info=&#8221;{}&#8221; animation_delay=&#8221;1700ms&#8221;]info@envirosoil.es[\/et_pb_blurb][\/et_pb_column][et_pb_column type=&#8221;2_3&#8243; _builder_version=&#8221;4.16&#8243; background_enable_color=&#8221;off&#8221; background_position=&#8221;top_left&#8221; custom_padding=&#8221;50px|40px|50px|40px&#8221; custom_padding_tablet=&#8221;&#8221; custom_padding_phone=&#8221;0px|0px|0px|0px|true|true&#8221; custom_padding_last_edited=&#8221;on|phone&#8221; global_colors_info=&#8221;{}&#8221; custom_padding__hover=&#8221;|||&#8221;][et_pb_contact_form email=&#8221;info@envirosoil.es&#8221; title=&#8221;Cont\u00e1ctanos y explicanos lo que necesitas&#8221; custom_message=&#8221;Nombre: %%Nombre%%||et_pb_line_break_holder||E-mail: %%Email%%||et_pb_line_break_holder||Tel\u00e9fono de contacto: %%Telefono%%||et_pb_line_break_holder||Mensaje: %%Message%%&#8221; submit_button_text=&#8221;Enviar&#8221; module_id=&#8221;et_pb_contact_form_1&#8243; module_class=&#8221;formularioContacto&#8221; _builder_version=&#8221;4.16&#8243; _unique_id=&#8221;541b268f-567a-4266-a222-38f286cacabf&#8221; form_field_background_color=&#8221;#ffffff&#8221; form_field_focus_background_color=&#8221;#000000&#8243; form_field_focus_text_color=&#8221;#ffffff&#8221; title_font=&#8221;Montserrat||||&#8221; title_text_color=&#8221;#ffffff&#8221; title_font_size=&#8221;22px&#8221; captcha_text_color=&#8221;#ffffff&#8221; custom_button=&#8221;on&#8221; button_text_size=&#8221;18px&#8221; button_text_color=&#8221;#ffffff&#8221; button_bg_color=&#8221;#649a3a&#8221; button_border_width=&#8221;0px&#8221; button_border_color=&#8221;rgba(0,0,0,0)&#8221; button_border_radius=&#8221;0px&#8221; button_letter_spacing=&#8221;2px&#8221; button_font=&#8221;Montserrat|||on|&#8221; button_use_icon=&#8221;off&#8221; animation_style=&#8221;fold&#8221; animation_direction=&#8221;bottom&#8221; animation_intensity_fold=&#8221;20%&#8221; custom_css_text_field=&#8221;color: #fff;&#8221; border_width_all=&#8221;1px&#8221; border_color_all=&#8221;rgba(0,0,0,0.12)&#8221; border_style_all=&#8221;solid&#8221; use_border_color=&#8221;on&#8221; border_color=&#8221;rgba(0,0,0,0.12)&#8221; form_background_color=&#8221;rgba(255,255,255,0)&#8221; global_colors_info=&#8221;{}&#8221; animation_delay=&#8221;2000ms&#8221;][et_pb_contact_field field_id=&#8221;Nombre&#8221; field_title=&#8221;Tu nombre (requerido)&#8221; fullwidth_field=&#8221;on&#8221; _builder_version=&#8221;4.16&#8243; global_colors_info=&#8221;{}&#8221; button_text_size__hover_enabled=&#8221;off&#8221; button_one_text_size__hover_enabled=&#8221;off&#8221; button_two_text_size__hover_enabled=&#8221;off&#8221; button_text_color__hover_enabled=&#8221;off&#8221; button_one_text_color__hover_enabled=&#8221;off&#8221; button_two_text_color__hover_enabled=&#8221;off&#8221; button_border_width__hover_enabled=&#8221;off&#8221; button_one_border_width__hover_enabled=&#8221;off&#8221; button_two_border_width__hover_enabled=&#8221;off&#8221; button_border_color__hover_enabled=&#8221;off&#8221; button_one_border_color__hover_enabled=&#8221;off&#8221; button_two_border_color__hover_enabled=&#8221;off&#8221; button_border_radius__hover_enabled=&#8221;off&#8221; button_one_border_radius__hover_enabled=&#8221;off&#8221; button_two_border_radius__hover_enabled=&#8221;off&#8221; button_letter_spacing__hover_enabled=&#8221;off&#8221; button_one_letter_spacing__hover_enabled=&#8221;off&#8221; button_two_letter_spacing__hover_enabled=&#8221;off&#8221; button_bg_color__hover_enabled=&#8221;off&#8221; button_one_bg_color__hover_enabled=&#8221;off&#8221; button_two_bg_color__hover_enabled=&#8221;off&#8221;][\/et_pb_contact_field][et_pb_contact_field field_id=&#8221;Email&#8221; field_title=&#8221;Tu e-mail (requerido)&#8221; field_type=&#8221;email&#8221; fullwidth_field=&#8221;on&#8221; _builder_version=&#8221;4.16&#8243; global_colors_info=&#8221;{}&#8221; button_text_size__hover_enabled=&#8221;off&#8221; button_one_text_size__hover_enabled=&#8221;off&#8221; button_two_text_size__hover_enabled=&#8221;off&#8221; button_text_color__hover_enabled=&#8221;off&#8221; button_one_text_color__hover_enabled=&#8221;off&#8221; button_two_text_color__hover_enabled=&#8221;off&#8221; button_border_width__hover_enabled=&#8221;off&#8221; button_one_border_width__hover_enabled=&#8221;off&#8221; button_two_border_width__hover_enabled=&#8221;off&#8221; button_border_color__hover_enabled=&#8221;off&#8221; button_one_border_color__hover_enabled=&#8221;off&#8221; button_two_border_color__hover_enabled=&#8221;off&#8221; button_border_radius__hover_enabled=&#8221;off&#8221; button_one_border_radius__hover_enabled=&#8221;off&#8221; button_two_border_radius__hover_enabled=&#8221;off&#8221; button_letter_spacing__hover_enabled=&#8221;off&#8221; button_one_letter_spacing__hover_enabled=&#8221;off&#8221; button_two_letter_spacing__hover_enabled=&#8221;off&#8221; button_bg_color__hover_enabled=&#8221;off&#8221; button_one_bg_color__hover_enabled=&#8221;off&#8221; button_two_bg_color__hover_enabled=&#8221;off&#8221;][\/et_pb_contact_field][et_pb_contact_field field_id=&#8221;Telefono&#8221; field_title=&#8221;Tel\u00e9fono de contacto (requerido)&#8221; fullwidth_field=&#8221;on&#8221; _builder_version=&#8221;4.16&#8243; global_colors_info=&#8221;{}&#8221;][\/et_pb_contact_field][et_pb_contact_field field_id=&#8221;Message&#8221; field_title=&#8221;Tu mensaje&#8221; field_type=&#8221;text&#8221; fullwidth_field=&#8221;on&#8221; _builder_version=&#8221;4.16&#8243; global_colors_info=&#8221;{}&#8221; button_text_size__hover_enabled=&#8221;off&#8221; button_one_text_size__hover_enabled=&#8221;off&#8221; button_two_text_size__hover_enabled=&#8221;off&#8221; button_text_color__hover_enabled=&#8221;off&#8221; button_one_text_color__hover_enabled=&#8221;off&#8221; button_two_text_color__hover_enabled=&#8221;off&#8221; button_border_width__hover_enabled=&#8221;off&#8221; button_one_border_width__hover_enabled=&#8221;off&#8221; button_two_border_width__hover_enabled=&#8221;off&#8221; button_border_color__hover_enabled=&#8221;off&#8221; button_one_border_color__hover_enabled=&#8221;off&#8221; button_two_border_color__hover_enabled=&#8221;off&#8221; button_border_radius__hover_enabled=&#8221;off&#8221; button_one_border_radius__hover_enabled=&#8221;off&#8221; button_two_border_radius__hover_enabled=&#8221;off&#8221; button_letter_spacing__hover_enabled=&#8221;off&#8221; button_one_letter_spacing__hover_enabled=&#8221;off&#8221; button_two_letter_spacing__hover_enabled=&#8221;off&#8221; button_bg_color__hover_enabled=&#8221;off&#8221; button_one_bg_color__hover_enabled=&#8221;off&#8221; button_two_bg_color__hover_enabled=&#8221;off&#8221;][\/et_pb_contact_field][et_pb_contact_field field_id=&#8221;Field_5&#8243; field_title=&#8221; &#8221; field_type=&#8221;checkbox&#8221; checkbox_options=&#8221;%91{%22value%22:%22Acepto la %22,%22checked%22:0,%22dragID%22:-1,%22link_text%22:%22pol\u00edtica de privacidad.%22,%22link_url%22:%22\/politica-de-proteccion-de-datos\/%22}%93&#8243; fullwidth_field=&#8221;on&#8221; _builder_version=&#8221;4.16&#8243; form_field_text_color=&#8221;#ffffff&#8221; global_colors_info=&#8221;{}&#8221;][\/et_pb_contact_field][\/et_pb_contact_form][\/et_pb_column][\/et_pb_row][\/et_pb_section][et_pb_section fb_built=&#8221;1&#8243; _builder_version=&#8221;4.21.2&#8243; _module_preset=&#8221;default&#8221; custom_padding=&#8221;0px||0px||true|false&#8221; locked=&#8221;off&#8221; global_colors_info=&#8221;{}&#8221;][et_pb_row _builder_version=&#8221;4.21.2&#8243; _module_preset=&#8221;default&#8221; width=&#8221;100%&#8221; max_width=&#8221;100%&#8221; custom_padding=&#8221;0px||0px||true|false&#8221; global_colors_info=&#8221;{}&#8221;][et_pb_column type=&#8221;4_4&#8243; _builder_version=&#8221;4.21.2&#8243; _module_preset=&#8221;default&#8221; global_colors_info=&#8221;{}&#8221;][et_pb_code _builder_version=&#8221;4.21.2&#8243; _module_preset=&#8221;default&#8221; global_colors_info=&#8221;{}&#8221;]<iframe src=\"https:\/\/www.google.com\/maps\/embed?pb=!1m14!1m8!1m3!1d12144.365304955292!2d-3.6773835!3d40.4511156!3m2!1i1024!2i768!4f13.1!3m3!1m2!1s0xd4228d92d629f13%3A0xa1f881b9c41fcea7!2sENVIROSOIL%2C%20S.L.!5e0!3m2!1ses!2ses!4v1692778882891!5m2!1ses!2ses\" width=\"100%\" height=\"450\" style=\"border:0;\" allowfullscreen=\"\" loading=\"lazy\" referrerpolicy=\"no-referrer-when-downgrade\"><\/iframe>[\/et_pb_code][\/et_pb_column][\/et_pb_row][\/et_pb_section]<\/p>\n","protected":false},"excerpt":{"rendered":"<p>C\u00f3ntanos, polo medio que elixas, en que podemos axudarche, por\u00e9monos mans \u00e1 obra para estudar o teu caso e ver se podemos proporcionarche a mellor soluci\u00f3n.Podemos axudarche?Te contestaremos en 48 [&hellip;]<\/p>\n","protected":false},"author":2,"featured_media":0,"parent":0,"menu_order":0,"comment_status":"closed","ping_status":"closed","template":"","meta":{"_et_pb_use_builder":"on","_et_pb_old_content":"[et_pb_section fb_built=\"1\" custom_padding_last_edited=\"on|phone\" admin_label=\"section\" _builder_version=\"4.3.2\" background_enable_color=\"off\" background_image=\"https:\/\/www.envirosoil.es\/wp-content\/uploads\/2020\/02\/contacto-dark.jpg\" parallax=\"on\" parallax_method=\"off\" custom_padding_tablet=\"\" custom_padding_phone=\"0px||0px||false|false\" background_color_phone=\"#000000\" background_last_edited=\"on|phone\" background_enable_color_phone=\"on\" background_enable_image_phone=\"off\"][et_pb_row _builder_version=\"4.0.7\" background_size=\"initial\" background_position=\"top_left\" background_repeat=\"repeat\" width=\"91%\" custom_width_px=\"710px\" locked=\"off\"][et_pb_column type=\"4_4\" _builder_version=\"3.25\" background_position=\"top_left\" custom_padding=\"|||\" custom_padding__hover=\"|||\"][et_pb_text admin_label=\"Request Section Title\" _builder_version=\"4.3.2\" header_3_text_align=\"center\" header_3_text_color=\"#ffffff\" header_3_font_size=\"27px\" header_3_line_height=\"1.3em\" header_3_font_size_tablet=\"\" header_3_font_size_phone=\"22px\" header_3_font_size_last_edited=\"on|phone\"]\n<h3>Cu\u00e9ntanos, por el medio que elijas, en qu\u00e9 te podemos ayudar, nos pondremos manos a la obra para estudiar tu caso y averiguar si podemos proporcionarte la mejor soluci\u00f3n.<\/h3>\n[\/et_pb_text][\/et_pb_column][\/et_pb_row][et_pb_row column_structure=\"1_3,2_3\" use_custom_gutter=\"on\" gutter_width=\"2\" make_equal=\"on\" custom_padding_last_edited=\"on|phone\" _builder_version=\"4.3.2\" background_size=\"initial\" background_position=\"top_left\" background_repeat=\"repeat\" custom_padding=\"|||\" custom_padding_tablet=\"\" custom_padding_phone=\"0px||0px||false|false\" hover_enabled=\"0\" locked=\"off\"][et_pb_column type=\"1_3\" _builder_version=\"4.0.9\" background_enable_color=\"off\" background_position=\"top_left\" custom_padding=\"50px|40px|50px|40px\" custom_padding__hover=\"|||\"][et_pb_text admin_label=\"Contact US Title\" _builder_version=\"4.0.9\" text_text_color=\"#ffffff\" text_font_size=\"27px\" text_line_height=\"1.3em\" header_3_text_align=\"center\" header_3_text_color=\"#ffffff\" header_3_font_size=\"27px\" header_3_line_height=\"1.2em\" text_orientation=\"center\" header_3_font_size_tablet=\"\" header_3_font_size_phone=\"22px\" header_3_font_size_last_edited=\"on|phone\"]\n<h3>\u00bfTe podemos ayudar?<\/h3>\n[\/et_pb_text][et_pb_text admin_label=\"Contact US Text\" _builder_version=\"4.0.9\" text_text_color=\"#ffffff\" text_line_height=\"1.8em\" header_font=\"||||\" header_text_color=\"#1f1f1f\" custom_margin=\"20px||40px|\" custom_padding=\"0px|0px|0px|0px\" animation_style=\"fold\" animation_direction=\"bottom\" animation_intensity_fold=\"20%\"]\n\nTe contestaremos en 48 horas laborables.\n\n[\/et_pb_text][et_pb_blurb use_icon=\"on\" font_icon=\"%%249%%\" icon_placement=\"left\" use_icon_font_size=\"on\" icon_font_size=\"28px\" icon_font_size_last_edited=\"off|desktop\" admin_label=\"Address\" _builder_version=\"4.0.9\" body_text_color=\"#ffffff\" custom_margin=\"|||\" animation_style=\"fold\" animation_direction=\"bottom\" animation_intensity_fold=\"20%\"]\n\nPr\u00edncipe de Vergara 210, Esc. A, 1\u00baD\n28002 Madrid\nEspa\u00f1a\n\n[\/et_pb_blurb][et_pb_blurb use_icon=\"on\" font_icon=\"%%104%%\" icon_placement=\"left\" use_icon_font_size=\"on\" icon_font_size=\"28px\" icon_font_size_last_edited=\"off|desktop\" _builder_version=\"4.0.9\" body_text_color=\"#ffffff\" custom_margin=\"|||\" animation_style=\"fold\" animation_direction=\"bottom\" animation_intensity_fold=\"20%\"]\n\n+34 915 618 400\n\n[\/et_pb_blurb][et_pb_blurb use_icon=\"on\" font_icon=\"%%238%%\" icon_placement=\"left\" use_icon_font_size=\"on\" icon_font_size=\"28px\" icon_font_size_last_edited=\"off|desktop\" admin_label=\"Email\" _builder_version=\"4.0.9\" body_text_color=\"#ffffff\" custom_margin=\"|||\" animation_style=\"fold\" animation_direction=\"bottom\" animation_intensity_fold=\"20%\"]\n\ninfo@envirosoil.es\n\n[\/et_pb_blurb][\/et_pb_column][et_pb_column type=\"2_3\" _builder_version=\"4.3.2\" background_enable_color=\"off\" background_position=\"top_left\" custom_padding=\"50px|40px|50px|40px\" hover_enabled=\"0\" custom_padding__hover=\"|||\" custom_padding_last_edited=\"on|phone\" custom_padding_phone=\"0px|0px|0px|0px|true|true\"][et_pb_contact_form email=\"info@envirosoil.es\" title=\"Cont\u00e1ctanos y explicanos lo que necesitas\" custom_message=\"Nombre: %%Nombre%%||et_pb_line_break_holder||E-mail: %%Email%%||et_pb_line_break_holder||Tel\u00e9fono de contacto: %%Telefono%%||et_pb_line_break_holder||Mensaje: %%Message%%\" submit_button_text=\"Enviar\" module_id=\"et_pb_contact_form_1\" module_class=\"formularioContacto\" _builder_version=\"4.3.2\" form_field_background_color=\"#ffffff\" form_field_focus_background_color=\"#000000\" form_field_focus_text_color=\"#ffffff\" title_font=\"Montserrat||||\" title_text_color=\"#ffffff\" title_font_size=\"22px\" captcha_text_color=\"#ffffff\" custom_button=\"on\" button_text_size=\"18px\" button_text_color=\"#ffffff\" button_bg_color=\"#649a3a\" button_border_width=\"0px\" button_border_color=\"rgba(0,0,0,0)\" button_border_radius=\"0px\" button_letter_spacing=\"2px\" button_font=\"Montserrat|||on|\" button_use_icon=\"off\" animation_style=\"fold\" animation_direction=\"bottom\" animation_intensity_fold=\"20%\" custom_css_text_field=\"color: #fff;\" border_width_all=\"1px\" border_color_all=\"rgba(0,0,0,0.12)\" border_style_all=\"solid\" use_border_color=\"on\" border_color=\"rgba(0,0,0,0.12)\" form_background_color=\"rgba(255,255,255,0)\" button_text_color_hover=\"#6eba01\" button_bg_color_hover=\"rgba(0,0,0,0)\" button_border_color_hover=\"#6eba01\" button_border_radius_hover=\"0px\" button_letter_spacing_hover=\"2px\"][et_pb_contact_field field_id=\"Nombre\" field_title=\"Tu nombre (requerido)\" fullwidth_field=\"on\" _builder_version=\"4.0.7\" button_text_size__hover_enabled=\"off\" button_one_text_size__hover_enabled=\"off\" button_two_text_size__hover_enabled=\"off\" button_text_color__hover_enabled=\"off\" button_one_text_color__hover_enabled=\"off\" button_two_text_color__hover_enabled=\"off\" button_border_width__hover_enabled=\"off\" button_one_border_width__hover_enabled=\"off\" button_two_border_width__hover_enabled=\"off\" button_border_color__hover_enabled=\"off\" button_one_border_color__hover_enabled=\"off\" button_two_border_color__hover_enabled=\"off\" button_border_radius__hover_enabled=\"off\" button_one_border_radius__hover_enabled=\"off\" button_two_border_radius__hover_enabled=\"off\" button_letter_spacing__hover_enabled=\"off\" button_one_letter_spacing__hover_enabled=\"off\" button_two_letter_spacing__hover_enabled=\"off\" button_bg_color__hover_enabled=\"off\" button_one_bg_color__hover_enabled=\"off\" button_two_bg_color__hover_enabled=\"off\"][\/et_pb_contact_field][et_pb_contact_field field_id=\"Email\" field_title=\"Tu e-mail (requerido)\" field_type=\"email\" fullwidth_field=\"on\" _builder_version=\"4.0.7\" button_text_size__hover_enabled=\"off\" button_one_text_size__hover_enabled=\"off\" button_two_text_size__hover_enabled=\"off\" button_text_color__hover_enabled=\"off\" button_one_text_color__hover_enabled=\"off\" button_two_text_color__hover_enabled=\"off\" button_border_width__hover_enabled=\"off\" button_one_border_width__hover_enabled=\"off\" button_two_border_width__hover_enabled=\"off\" button_border_color__hover_enabled=\"off\" button_one_border_color__hover_enabled=\"off\" button_two_border_color__hover_enabled=\"off\" button_border_radius__hover_enabled=\"off\" button_one_border_radius__hover_enabled=\"off\" button_two_border_radius__hover_enabled=\"off\" button_letter_spacing__hover_enabled=\"off\" button_one_letter_spacing__hover_enabled=\"off\" button_two_letter_spacing__hover_enabled=\"off\" button_bg_color__hover_enabled=\"off\" button_one_bg_color__hover_enabled=\"off\" button_two_bg_color__hover_enabled=\"off\"][\/et_pb_contact_field][et_pb_contact_field field_id=\"Telefono\" field_title=\"Tel\u00e9fono de contacto (requerido)\" fullwidth_field=\"on\" _builder_version=\"4.3.2\"][\/et_pb_contact_field][et_pb_contact_field field_id=\"Message\" field_title=\"Tu mensaje\" field_type=\"text\" fullwidth_field=\"on\" _builder_version=\"4.3.2\" button_text_size__hover_enabled=\"off\" button_one_text_size__hover_enabled=\"off\" button_two_text_size__hover_enabled=\"off\" button_text_color__hover_enabled=\"off\" button_one_text_color__hover_enabled=\"off\" button_two_text_color__hover_enabled=\"off\" button_border_width__hover_enabled=\"off\" button_one_border_width__hover_enabled=\"off\" button_two_border_width__hover_enabled=\"off\" button_border_color__hover_enabled=\"off\" button_one_border_color__hover_enabled=\"off\" button_two_border_color__hover_enabled=\"off\" button_border_radius__hover_enabled=\"off\" button_one_border_radius__hover_enabled=\"off\" button_two_border_radius__hover_enabled=\"off\" button_letter_spacing__hover_enabled=\"off\" button_one_letter_spacing__hover_enabled=\"off\" button_two_letter_spacing__hover_enabled=\"off\" button_bg_color__hover_enabled=\"off\" button_one_bg_color__hover_enabled=\"off\" button_two_bg_color__hover_enabled=\"off\"][\/et_pb_contact_field][et_pb_contact_field field_id=\"Field_5\" field_title=\" \" field_type=\"checkbox\" checkbox_options=\"%91{%22value%22:%22Acepto la %22,%22checked%22:0,%22dragID%22:-1,%22link_text%22:%22pol\u00edtica de privacidad.%22,%22link_url%22:%22\/politica-de-proteccion-de-datos\/%22}%93\" fullwidth_field=\"on\" _builder_version=\"4.3.2\" form_field_text_color=\"#ffffff\"][\/et_pb_contact_field][\/et_pb_contact_form][\/et_pb_column][\/et_pb_row][\/et_pb_section]","_et_gb_content_width":"","om_disable_all_campaigns":false,"_monsterinsights_skip_tracking":false,"_monsterinsights_sitenote_active":false,"_monsterinsights_sitenote_note":"","_monsterinsights_sitenote_category":0,"_uf_show_specific_survey":0,"_uf_disable_surveys":false,"footnotes":""},"class_list":["post-4901","page","type-page","status-publish","hentry"],"aioseo_notices":[],"_links":{"self":[{"href":"https:\/\/www.envirosoil.es\/gl\/wp-json\/wp\/v2\/pages\/4901","targetHints":{"allow":["GET"]}}],"collection":[{"href":"https:\/\/www.envirosoil.es\/gl\/wp-json\/wp\/v2\/pages"}],"about":[{"href":"https:\/\/www.envirosoil.es\/gl\/wp-json\/wp\/v2\/types\/page"}],"author":[{"embeddable":true,"href":"https:\/\/www.envirosoil.es\/gl\/wp-json\/wp\/v2\/users\/2"}],"replies":[{"embeddable":true,"href":"https:\/\/www.envirosoil.es\/gl\/wp-json\/wp\/v2\/comments?post=4901"}],"version-history":[{"count":4,"href":"https:\/\/www.envirosoil.es\/gl\/wp-json\/wp\/v2\/pages\/4901\/revisions"}],"predecessor-version":[{"id":7703,"href":"https:\/\/www.envirosoil.es\/gl\/wp-json\/wp\/v2\/pages\/4901\/revisions\/7703"}],"wp:attachment":[{"href":"https:\/\/www.envirosoil.es\/gl\/wp-json\/wp\/v2\/media?parent=4901"}],"curies":[{"name":"wp","href":"https:\/\/api.w.org\/{rel}","templated":true}]}}