{"id":5295,"date":"2020-03-10T09:46:38","date_gmt":"2020-03-10T09:46:38","guid":{"rendered":"https:\/\/www.envirosoil.es\/?page_id=5295"},"modified":"2020-03-10T09:51:20","modified_gmt":"2020-03-10T09:51:20","slug":"vision-e-mision","status":"publish","type":"page","link":"https:\/\/www.envirosoil.es\/gl\/vision-e-mision\/","title":{"rendered":"Visi\u00f3n e Misi\u00f3n"},"content":{"rendered":"<p>[et_pb_section fb_built=&#8221;1&#8243; _builder_version=&#8221;4.3.2&#8243; background_enable_color=&#8221;off&#8221; background_image=&#8221;https:\/\/www.envirosoil.es\/wp-content\/uploads\/2020\/02\/suelos_contaminados-dark-2.jpg&#8221; parallax=&#8221;on&#8221; parallax_method=&#8221;off&#8221; background_color_phone=&#8221;#000000&#8243; background_last_edited=&#8221;on|phone&#8221; background_enable_color_phone=&#8221;on&#8221; background_enable_image_phone=&#8221;off&#8221; locked=&#8221;off&#8221;][et_pb_row column_structure=&#8221;1_4,3_4&#8243; make_equal=&#8221;on&#8221; _builder_version=&#8221;4.0.9&#8243; custom_css_main_element=&#8221;align-items: center;&#8221;][et_pb_column type=&#8221;1_4&#8243; _builder_version=&#8221;4.0.9&#8243;][et_pb_blurb title=&#8221;VISI\u00d3N&#8221; use_icon=&#8221;on&#8221; font_icon=&#8221;%%273%%&#8221; icon_color=&#8221;#ffffff&#8221; use_circle=&#8221;on&#8221; _builder_version=&#8221;4.3.2&#8243; header_text_color=&#8221;#ffffff&#8221; text_orientation=&#8221;center&#8221; hover_enabled=&#8221;0&#8243;][\/et_pb_blurb][\/et_pb_column][et_pb_column type=&#8221;3_4&#8243; _builder_version=&#8221;4.0.9&#8243;][et_pb_text _builder_version=&#8221;4.3.2&#8243; text_text_color=&#8221;#ffffff&#8221; text_font_size=&#8221;21px&#8221; hover_enabled=&#8221;0&#8243;]<\/p>\n<p>&nbsp;<\/p>\n<p>Ser a <strong>enxe\u00f1er\u00eda global do futuro.<\/strong><\/p>\n<p>Ser <strong>unha enxe\u00f1er\u00eda l\u00edder<\/strong> en diferentes campos medioambientais que presta unha grande variedade de servizos aos seus clientes.<\/p>\n<p>Ser un proxecto empresarial s\u00f3lido e rendible para os socios contribu\u00edndo \u00e1 <strong>mellora da calidade de vida dos seus traballadores e ao desenvolvemento sostible da contorna.<\/strong><\/p>\n<p>[\/et_pb_text][\/et_pb_column][\/et_pb_row][et_pb_row _builder_version=&#8221;4.0.9&#8243;][et_pb_column type=&#8221;4_4&#8243; _builder_version=&#8221;4.0.9&#8243;][et_pb_divider _builder_version=&#8221;4.0.9&#8243;][\/et_pb_divider][\/et_pb_column][\/et_pb_row][et_pb_row column_structure=&#8221;1_4,3_4&#8243; make_equal=&#8221;on&#8221; _builder_version=&#8221;4.0.9&#8243; custom_css_main_element=&#8221;align-items: center;&#8221;][et_pb_column type=&#8221;1_4&#8243; _builder_version=&#8221;4.0.9&#8243;][et_pb_blurb title=&#8221;MISI\u00d3N&#8221; use_icon=&#8221;on&#8221; font_icon=&#8221;%%57%%&#8221; icon_color=&#8221;#ffffff&#8221; use_circle=&#8221;on&#8221; _builder_version=&#8221;4.3.2&#8243; header_text_color=&#8221;#ffffff&#8221; text_orientation=&#8221;center&#8221;][\/et_pb_blurb][\/et_pb_column][et_pb_column type=&#8221;3_4&#8243; _builder_version=&#8221;4.0.9&#8243;][et_pb_text _builder_version=&#8221;4.3.2&#8243; text_text_color=&#8221;#ffffff&#8221; text_font_size=&#8221;21px&#8221; hover_enabled=&#8221;0&#8243;]<\/p>\n<p>Ofrecer aos nosos clientes <strong>soluci\u00f3ns eficaces e competitivas<\/strong> nas \u00e1reas do Rebaixamento de Niveis Fre\u00e1ticos, o Estudo e Descontaminaci\u00f3n do Subsolo e outras \u00e1reas da enxe\u00f1er\u00eda, execut\u00e1ndoas de forma seria, responsable e pr\u00f3xima; enfocando o noso desenvolvemento na <strong>satisfacci\u00f3n e fidelizaci\u00f3n do cliente.<\/strong><\/p>\n<p>[\/et_pb_text][\/et_pb_column][\/et_pb_row][\/et_pb_section]<\/p>\n","protected":false},"excerpt":{"rendered":"<p>&nbsp; Ser a enxe\u00f1er\u00eda global do futuro. Ser unha enxe\u00f1er\u00eda l\u00edder en diferentes campos medioambientais que presta unha grande variedade de servizos aos seus clientes. Ser un proxecto empresarial s\u00f3lido [&hellip;]<\/p>\n","protected":false},"author":2,"featured_media":0,"parent":0,"menu_order":0,"comment_status":"closed","ping_status":"closed","template":"","meta":{"_et_pb_use_builder":"on","_et_pb_old_content":"","_et_gb_content_width":"","om_disable_all_campaigns":false,"_monsterinsights_skip_tracking":false,"_monsterinsights_sitenote_active":false,"_monsterinsights_sitenote_note":"","_monsterinsights_sitenote_category":0,"_uf_show_specific_survey":0,"_uf_disable_surveys":false,"footnotes":""},"class_list":["post-5295","page","type-page","status-publish","hentry"],"aioseo_notices":[],"_links":{"self":[{"href":"https:\/\/www.envirosoil.es\/gl\/wp-json\/wp\/v2\/pages\/5295","targetHints":{"allow":["GET"]}}],"collection":[{"href":"https:\/\/www.envirosoil.es\/gl\/wp-json\/wp\/v2\/pages"}],"about":[{"href":"https:\/\/www.envirosoil.es\/gl\/wp-json\/wp\/v2\/types\/page"}],"author":[{"embeddable":true,"href":"https:\/\/www.envirosoil.es\/gl\/wp-json\/wp\/v2\/users\/2"}],"replies":[{"embeddable":true,"href":"https:\/\/www.envirosoil.es\/gl\/wp-json\/wp\/v2\/comments?post=5295"}],"version-history":[{"count":3,"href":"https:\/\/www.envirosoil.es\/gl\/wp-json\/wp\/v2\/pages\/5295\/revisions"}],"predecessor-version":[{"id":5302,"href":"https:\/\/www.envirosoil.es\/gl\/wp-json\/wp\/v2\/pages\/5295\/revisions\/5302"}],"wp:attachment":[{"href":"https:\/\/www.envirosoil.es\/gl\/wp-json\/wp\/v2\/media?parent=5295"}],"curies":[{"name":"wp","href":"https:\/\/api.w.org\/{rel}","templated":true}]}}