{"id":5300,"date":"2020-03-10T09:49:42","date_gmt":"2020-03-10T09:49:42","guid":{"rendered":"https:\/\/www.envirosoil.es\/?page_id=5300"},"modified":"2020-03-10T12:56:20","modified_gmt":"2020-03-10T12:56:20","slug":"valores","status":"publish","type":"page","link":"https:\/\/www.envirosoil.es\/gl\/valores\/","title":{"rendered":"Valores"},"content":{"rendered":"<p>[et_pb_section fb_built=&#8221;1&#8243; _builder_version=&#8221;4.3.2&#8243; background_enable_color=&#8221;off&#8221; background_image=&#8221;https:\/\/www.envirosoil.es\/wp-content\/uploads\/2020\/02\/suelos_contaminados-dark-2.jpg&#8221; parallax=&#8221;on&#8221; parallax_method=&#8221;off&#8221; background_color_phone=&#8221;#000000&#8243; background_last_edited=&#8221;on|phone&#8221; background_enable_color_phone=&#8221;on&#8221; background_enable_image_phone=&#8221;off&#8221; locked=&#8221;off&#8221;][et_pb_row _builder_version=&#8221;4.0.7&#8243; background_size=&#8221;initial&#8221; background_position=&#8221;top_left&#8221; background_repeat=&#8221;repeat&#8221; width=&#8221;91%&#8221; custom_width_px=&#8221;710px&#8221; locked=&#8221;off&#8221;][et_pb_column type=&#8221;4_4&#8243; _builder_version=&#8221;3.25&#8243; background_position=&#8221;top_left&#8221; custom_padding=&#8221;|||&#8221; custom_padding__hover=&#8221;|||&#8221;][et_pb_text admin_label=&#8221;Request Section Title&#8221; _builder_version=&#8221;4.3.2&#8243; header_3_text_align=&#8221;center&#8221; header_3_text_color=&#8221;#ffffff&#8221; header_3_font_size=&#8221;27px&#8221; header_3_line_height=&#8221;1.3em&#8221; hover_enabled=&#8221;0&#8243; header_3_font_size_tablet=&#8221;&#8221; header_3_font_size_phone=&#8221;22px&#8221; header_3_font_size_last_edited=&#8221;on|phone&#8221;]<\/p>\n<h3>Envirosoil acomp\u00e1\u00f1ate en todo o proceso de investigaci\u00f3n e\/ou descontaminaci\u00f3n do teu subsolo ata que peches o expediente, ofrec\u00e9ndote no cami\u00f1o:<\/h3>\n<p>[\/et_pb_text][\/et_pb_column][\/et_pb_row][et_pb_row column_structure=&#8221;1_4,3_4&#8243; make_equal=&#8221;on&#8221; _builder_version=&#8221;4.0.9&#8243; custom_css_main_element=&#8221;align-items: center;&#8221;][et_pb_column type=&#8221;1_4&#8243; _builder_version=&#8221;4.0.9&#8243;][et_pb_blurb title=&#8221;PAIX\u00d3N&#8221; use_icon=&#8221;on&#8221; font_icon=&#8221;%%257%%&#8221; icon_color=&#8221;#ffffff&#8221; use_circle=&#8221;on&#8221; _builder_version=&#8221;4.3.2&#8243; header_text_color=&#8221;#ffffff&#8221; text_orientation=&#8221;center&#8221;][\/et_pb_blurb][\/et_pb_column][et_pb_column type=&#8221;3_4&#8243; _builder_version=&#8221;4.0.9&#8243;][et_pb_text _builder_version=&#8221;4.3.2&#8243; text_text_color=&#8221;#ffffff&#8221; text_font_size=&#8221;21px&#8221;]<\/p>\n<p>queremos o que facemos e loitamos d\u00eda a d\u00eda para mellorar o que ofrecemos, estamos <strong>profundamente comprometidos<\/strong> con todos os proxectos que realizamos. A vida \u00e9 demasiado curta como para non amar o que facemos.<\/p>\n<p>[\/et_pb_text][\/et_pb_column][\/et_pb_row][et_pb_row _builder_version=&#8221;4.0.9&#8243;][et_pb_column type=&#8221;4_4&#8243; _builder_version=&#8221;4.0.9&#8243;][et_pb_divider _builder_version=&#8221;4.0.9&#8243;][\/et_pb_divider][\/et_pb_column][\/et_pb_row][et_pb_row column_structure=&#8221;1_4,3_4&#8243; make_equal=&#8221;on&#8221; _builder_version=&#8221;4.0.9&#8243; custom_css_main_element=&#8221;align-items: center;&#8221;][et_pb_column type=&#8221;1_4&#8243; _builder_version=&#8221;4.0.9&#8243;][et_pb_blurb title=&#8221;RESPONSABILIDADE&#8221; use_icon=&#8221;on&#8221; font_icon=&#8221;%%236%%&#8221; icon_color=&#8221;#ffffff&#8221; use_circle=&#8221;on&#8221; _builder_version=&#8221;4.3.2&#8243; header_text_color=&#8221;#ffffff&#8221; text_orientation=&#8221;center&#8221;][\/et_pb_blurb][\/et_pb_column][et_pb_column type=&#8221;3_4&#8243; _builder_version=&#8221;4.0.9&#8243;][et_pb_text _builder_version=&#8221;4.3.2&#8243; text_text_color=&#8221;#ffffff&#8221; text_font_size=&#8221;21px&#8221;]<\/p>\n<p>Actuamos con <strong>responsabilidade social e medioambiental<\/strong> fronte aos nosos socios, empregados, provedores e clientes.<\/p>\n<p>[\/et_pb_text][\/et_pb_column][\/et_pb_row][et_pb_row _builder_version=&#8221;4.0.9&#8243;][et_pb_column type=&#8221;4_4&#8243; _builder_version=&#8221;4.0.9&#8243;][et_pb_divider _builder_version=&#8221;4.0.9&#8243;][\/et_pb_divider][\/et_pb_column][\/et_pb_row][et_pb_row column_structure=&#8221;1_4,3_4&#8243; make_equal=&#8221;on&#8221; _builder_version=&#8221;4.0.9&#8243; custom_css_main_element=&#8221;align-items: center;&#8221;][et_pb_column type=&#8221;1_4&#8243; _builder_version=&#8221;4.0.9&#8243;][et_pb_blurb title=&#8221;ORIENTACI\u00d3N AO CLIENTE&#8221; use_icon=&#8221;on&#8221; font_icon=&#8221;%%248%%&#8221; icon_color=&#8221;#ffffff&#8221; use_circle=&#8221;on&#8221; _builder_version=&#8221;4.3.2&#8243; header_text_color=&#8221;#ffffff&#8221; text_orientation=&#8221;center&#8221;][\/et_pb_blurb][\/et_pb_column][et_pb_column type=&#8221;3_4&#8243; _builder_version=&#8221;4.0.9&#8243;][et_pb_text _builder_version=&#8221;4.3.2&#8243; text_text_color=&#8221;#ffffff&#8221; text_font_size=&#8221;21px&#8221;]<\/p>\n<p>O que facemos fac\u00e9molo por e para o cliente.<\/p>\n<p>[\/et_pb_text][\/et_pb_column][\/et_pb_row][et_pb_row _builder_version=&#8221;4.0.9&#8243;][et_pb_column type=&#8221;4_4&#8243; _builder_version=&#8221;4.0.9&#8243;][et_pb_divider _builder_version=&#8221;4.0.9&#8243;][\/et_pb_divider][\/et_pb_column][\/et_pb_row][et_pb_row column_structure=&#8221;1_4,3_4&#8243; make_equal=&#8221;on&#8221; _builder_version=&#8221;4.0.9&#8243; custom_css_main_element=&#8221;align-items: center;&#8221;][et_pb_column type=&#8221;1_4&#8243; _builder_version=&#8221;4.0.9&#8243;][et_pb_blurb title=&#8221;EXCELENCIA&#8221; use_icon=&#8221;on&#8221; font_icon=&#8221;%%171%%&#8221; icon_color=&#8221;#ffffff&#8221; use_circle=&#8221;on&#8221; _builder_version=&#8221;4.3.2&#8243; header_text_color=&#8221;#ffffff&#8221; text_orientation=&#8221;center&#8221;][\/et_pb_blurb][\/et_pb_column][et_pb_column type=&#8221;3_4&#8243; _builder_version=&#8221;4.0.9&#8243;][et_pb_text _builder_version=&#8221;4.3.2&#8243; text_text_color=&#8221;#ffffff&#8221; text_font_size=&#8221;21px&#8221;]<\/p>\n<p>Esix\u00edmonos a m\u00e1xima calidade, ofrecendo aos nosos clientes o <strong>mellor servizo ao mellor prezo<\/strong>. O que facemos fac\u00e9molo ben.<\/p>\n<p>[\/et_pb_text][\/et_pb_column][\/et_pb_row][et_pb_row _builder_version=&#8221;4.0.9&#8243;][et_pb_column type=&#8221;4_4&#8243; _builder_version=&#8221;4.0.9&#8243;][et_pb_divider _builder_version=&#8221;4.0.9&#8243;][\/et_pb_divider][\/et_pb_column][\/et_pb_row][et_pb_row column_structure=&#8221;1_4,3_4&#8243; make_equal=&#8221;on&#8221; _builder_version=&#8221;4.0.9&#8243; custom_css_main_element=&#8221;align-items: center;&#8221;][et_pb_column type=&#8221;1_4&#8243; _builder_version=&#8221;4.0.9&#8243;][et_pb_blurb title=&#8221;TRANSPARENCIA E CONFIANZA&#8221; use_icon=&#8221;on&#8221; font_icon=&#8221;%%277%%&#8221; icon_color=&#8221;#ffffff&#8221; use_circle=&#8221;on&#8221; _builder_version=&#8221;4.3.2&#8243; header_text_color=&#8221;#ffffff&#8221; text_orientation=&#8221;center&#8221;][\/et_pb_blurb][\/et_pb_column][et_pb_column type=&#8221;3_4&#8243; _builder_version=&#8221;4.0.9&#8243;][et_pb_text _builder_version=&#8221;4.3.2&#8243; text_text_color=&#8221;#ffffff&#8221; text_font_size=&#8221;21px&#8221;]<\/p>\n<p>Traballamos con transparencia para constru\u00edr <strong>relaci\u00f3ns de confianza<\/strong> entre o noso equipo, os nosos clientes e os nosos provedores.<\/p>\n<p>[\/et_pb_text][\/et_pb_column][\/et_pb_row][et_pb_row _builder_version=&#8221;4.0.9&#8243;][et_pb_column type=&#8221;4_4&#8243; _builder_version=&#8221;4.0.9&#8243;][et_pb_divider _builder_version=&#8221;4.0.9&#8243;][\/et_pb_divider][\/et_pb_column][\/et_pb_row][et_pb_row column_structure=&#8221;1_4,3_4&#8243; make_equal=&#8221;on&#8221; _builder_version=&#8221;4.0.9&#8243; custom_css_main_element=&#8221;align-items: center;&#8221;][et_pb_column type=&#8221;1_4&#8243; _builder_version=&#8221;4.0.9&#8243;][et_pb_blurb title=&#8221;RESPECTO E TRABALLO EN EQUIPO &#8221; use_icon=&#8221;on&#8221; font_icon=&#8221;%%259%%&#8221; icon_color=&#8221;#ffffff&#8221; use_circle=&#8221;on&#8221; _builder_version=&#8221;4.3.2&#8243; header_text_color=&#8221;#ffffff&#8221; text_orientation=&#8221;center&#8221;][\/et_pb_blurb][\/et_pb_column][et_pb_column type=&#8221;3_4&#8243; _builder_version=&#8221;4.0.9&#8243;][et_pb_text _builder_version=&#8221;4.3.2&#8243; text_text_color=&#8221;#ffffff&#8221; text_font_size=&#8221;21px&#8221;]<\/p>\n<p>Xeramos un <strong>ambiente de proximidade e respecto<\/strong> para fortalecer o traballo en equipo, colaboramos e sumamos esforzos para capitalizar os beneficios do traballo en equipo e multiplicar os logros. Comunic\u00e1monos de forma aberta e clara.<\/p>\n<p>[\/et_pb_text][\/et_pb_column][\/et_pb_row][et_pb_row _builder_version=&#8221;4.0.9&#8243;][et_pb_column type=&#8221;4_4&#8243; _builder_version=&#8221;4.0.9&#8243;][et_pb_divider _builder_version=&#8221;4.0.9&#8243;][\/et_pb_divider][\/et_pb_column][\/et_pb_row][et_pb_row column_structure=&#8221;1_4,3_4&#8243; make_equal=&#8221;on&#8221; _builder_version=&#8221;4.0.9&#8243; custom_css_main_element=&#8221;align-items: center;&#8221;][et_pb_column type=&#8221;1_4&#8243; _builder_version=&#8221;4.0.9&#8243;][et_pb_blurb title=&#8221;GRATITUDE&#8221; use_icon=&#8221;on&#8221; font_icon=&#8221;%%235%%&#8221; icon_color=&#8221;#ffffff&#8221; use_circle=&#8221;on&#8221; _builder_version=&#8221;4.3.2&#8243; header_text_color=&#8221;#ffffff&#8221; text_orientation=&#8221;center&#8221;][\/et_pb_blurb][\/et_pb_column][et_pb_column type=&#8221;3_4&#8243; _builder_version=&#8221;4.0.9&#8243;][et_pb_text _builder_version=&#8221;4.3.2&#8243; text_text_color=&#8221;#ffffff&#8221; text_font_size=&#8221;21px&#8221;]<\/p>\n<p>&nbsp;<\/p>\n<p>Sent\u00edmonos agradecidos polo negocio que estamos a constru\u00edr os socios e empregados da man dos nosos provedores e clientes, e polas oportunidades que nos est\u00e1 a xerar.<\/p>\n<p>Traballamos para comunicar esta gratitude ao noso equipo, aos nosos provedores e aos nosos clientes.<\/p>\n<p>[\/et_pb_text][\/et_pb_column][\/et_pb_row][et_pb_row _builder_version=&#8221;4.0.9&#8243;][et_pb_column type=&#8221;4_4&#8243; _builder_version=&#8221;4.0.9&#8243;][et_pb_divider _builder_version=&#8221;4.0.9&#8243;][\/et_pb_divider][\/et_pb_column][\/et_pb_row][et_pb_row column_structure=&#8221;1_4,3_4&#8243; make_equal=&#8221;on&#8221; _builder_version=&#8221;4.0.9&#8243; custom_css_main_element=&#8221;align-items: center;&#8221;][et_pb_column type=&#8221;1_4&#8243; _builder_version=&#8221;4.0.9&#8243;][et_pb_blurb title=&#8221;ADAPTABILIDADE&#8221; use_icon=&#8221;on&#8221; font_icon=&#8221;%%282%%&#8221; icon_color=&#8221;#ffffff&#8221; use_circle=&#8221;on&#8221; _builder_version=&#8221;4.3.2&#8243; header_text_color=&#8221;#ffffff&#8221; text_orientation=&#8221;center&#8221;][\/et_pb_blurb][\/et_pb_column][et_pb_column type=&#8221;3_4&#8243; _builder_version=&#8221;4.0.9&#8243;][et_pb_text _builder_version=&#8221;4.3.2&#8243; text_text_color=&#8221;#ffffff&#8221; text_font_size=&#8221;21px&#8221;]<\/p>\n<p>Traballamos analizando o que facemos con <strong>capacidade autocr\u00edtica e dispo\u00f1ibilidade para o cambio<\/strong>.<\/p>\n<p>[\/et_pb_text][\/et_pb_column][\/et_pb_row][et_pb_row _builder_version=&#8221;4.0.9&#8243;][et_pb_column type=&#8221;4_4&#8243; _builder_version=&#8221;4.0.9&#8243;][et_pb_divider _builder_version=&#8221;4.0.9&#8243;][\/et_pb_divider][\/et_pb_column][\/et_pb_row][et_pb_row column_structure=&#8221;1_4,3_4&#8243; make_equal=&#8221;on&#8221; _builder_version=&#8221;4.0.9&#8243; custom_css_main_element=&#8221;align-items: center;&#8221;][et_pb_column type=&#8221;1_4&#8243; _builder_version=&#8221;4.0.9&#8243;][et_pb_blurb title=&#8221;RENTABILIDADE E SOLIDEZ FINANCIERA&#8221; use_icon=&#8221;on&#8221; font_icon=&#8221;%%283%%&#8221; icon_color=&#8221;#ffffff&#8221; use_circle=&#8221;on&#8221; _builder_version=&#8221;4.3.2&#8243; header_text_color=&#8221;#ffffff&#8221; text_orientation=&#8221;center&#8221;][\/et_pb_blurb][\/et_pb_column][et_pb_column type=&#8221;3_4&#8243; _builder_version=&#8221;4.0.9&#8243;][et_pb_text _builder_version=&#8221;4.3.2&#8243; text_text_color=&#8221;#ffffff&#8221; text_font_size=&#8221;21px&#8221;]<\/p>\n<p>Por <strong>responsabilidade de cara aos nosos socios e empregados<\/strong> buscamos a <strong>rendibilidade do negocio<\/strong> co obxecto de consolidar a empresa, seguir a crecer e emprender novos proxectos.<\/p>\n<p>[\/et_pb_text][\/et_pb_column][\/et_pb_row][\/et_pb_section]<\/p>\n","protected":false},"excerpt":{"rendered":"<p>Envirosoil acomp\u00e1\u00f1ate en todo o proceso de investigaci\u00f3n e\/ou descontaminaci\u00f3n do teu subsolo ata que peches o expediente, ofrec\u00e9ndote no cami\u00f1o:queremos o que facemos e loitamos d\u00eda a d\u00eda para [&hellip;]<\/p>\n","protected":false},"author":2,"featured_media":0,"parent":0,"menu_order":0,"comment_status":"closed","ping_status":"closed","template":"","meta":{"_et_pb_use_builder":"on","_et_pb_old_content":"","_et_gb_content_width":"","om_disable_all_campaigns":false,"_monsterinsights_skip_tracking":false,"_monsterinsights_sitenote_active":false,"_monsterinsights_sitenote_note":"","_monsterinsights_sitenote_category":0,"_uf_show_specific_survey":0,"_uf_disable_surveys":false,"footnotes":""},"class_list":["post-5300","page","type-page","status-publish","hentry"],"aioseo_notices":[],"_links":{"self":[{"href":"https:\/\/www.envirosoil.es\/gl\/wp-json\/wp\/v2\/pages\/5300","targetHints":{"allow":["GET"]}}],"collection":[{"href":"https:\/\/www.envirosoil.es\/gl\/wp-json\/wp\/v2\/pages"}],"about":[{"href":"https:\/\/www.envirosoil.es\/gl\/wp-json\/wp\/v2\/types\/page"}],"author":[{"embeddable":true,"href":"https:\/\/www.envirosoil.es\/gl\/wp-json\/wp\/v2\/users\/2"}],"replies":[{"embeddable":true,"href":"https:\/\/www.envirosoil.es\/gl\/wp-json\/wp\/v2\/comments?post=5300"}],"version-history":[{"count":6,"href":"https:\/\/www.envirosoil.es\/gl\/wp-json\/wp\/v2\/pages\/5300\/revisions"}],"predecessor-version":[{"id":5317,"href":"https:\/\/www.envirosoil.es\/gl\/wp-json\/wp\/v2\/pages\/5300\/revisions\/5317"}],"wp:attachment":[{"href":"https:\/\/www.envirosoil.es\/gl\/wp-json\/wp\/v2\/media?parent=5300"}],"curies":[{"name":"wp","href":"https:\/\/api.w.org\/{rel}","templated":true}]}}